{"id":83,"date":"2025-06-12T17:22:18","date_gmt":"2025-06-12T15:22:18","guid":{"rendered":"https:\/\/davidonen.fr\/?page_id=83"},"modified":"2025-07-17T17:20:48","modified_gmt":"2025-07-17T15:20:48","slug":"eclatsdecrits","status":"publish","type":"page","link":"https:\/\/davidonen.fr\/index.php\/eclatsdecrits\/","title":{"rendered":"Eclats d&rsquo;\u00e9crits"},"content":{"rendered":"\t\t<div data-elementor-type=\"wp-page\" data-elementor-id=\"83\" class=\"elementor elementor-83\">\n\t\t\t\t<div class=\"elementor-element elementor-element-4a451a7 e-flex e-con-boxed wpr-particle-no wpr-jarallax-no wpr-parallax-no wpr-sticky-section-no wpr-equal-height-no e-con e-parent\" data-id=\"4a451a7\" data-element_type=\"container\" data-e-type=\"container\">\n\t\t\t\t\t<div class=\"e-con-inner\">\n\t\t\t\t<div class=\"elementor-element elementor-element-7d6e998 elementor-widget elementor-widget-heading\" data-id=\"7d6e998\" data-element_type=\"widget\" data-e-type=\"widget\" data-widget_type=\"heading.default\">\n\t\t\t\t<div class=\"elementor-widget-container\">\n\t\t\t\t\t<h1 class=\"elementor-heading-title elementor-size-default\">Eclats d'\u00e9crits<\/h1>\t\t\t\t<\/div>\n\t\t\t\t<\/div>\n\t\t\t\t\t<\/div>\n\t\t\t\t<\/div>\n\t\t<div class=\"elementor-element elementor-element-d0c064b e-flex e-con-boxed wpr-particle-no wpr-jarallax-no wpr-parallax-no wpr-sticky-section-no wpr-equal-height-no e-con e-parent\" data-id=\"d0c064b\" data-element_type=\"container\" data-e-type=\"container\">\n\t\t\t\t\t<div class=\"e-con-inner\">\n\t\t\t\t<div class=\"elementor-element elementor-element-9c8a25e elementor-widget elementor-widget-text-editor\" data-id=\"9c8a25e\" data-element_type=\"widget\" data-e-type=\"widget\" data-widget_type=\"text-editor.default\">\n\t\t\t\t<div class=\"elementor-widget-container\">\n\t\t\t\t\t\t\t\t\t<div class=\"xdj266r x14z9mp xat24cr x1lziwak x1vvkbs x126k92a\"><div dir=\"auto\"><strong>Pr\u00e9face<\/strong><\/div><div dir=\"auto\">Bienvenue sur mon \u00ab\u00a0site internet\u00a0\u00bb qui est en perp\u00e9tuelle \u00e9volution. D\u2019ailleurs, sera t&rsquo; il un jour achev\u00e9 ?<\/div><\/div><div class=\"x14z9mp xat24cr x1lziwak x1vvkbs xtlvy1s x126k92a\"><div dir=\"auto\">Merci de votre int\u00e9r\u00eat pour mes travaux. Les fragments de mon \u00e2me ; color\u00e9s, dessin\u00e9s, tortur\u00e9s, r\u00e9fl\u00e9chis, inspir\u00e9s, exalt\u00e9s puis trac\u00e9s sur un simple morceau de toile.<\/div><div dir=\"auto\">Je vous d\u00e9pose tout cela ici, sur vos \u00e9crans, du mieux que je peux, car mon art vit r\u00e9ellement, croyez moi&#8230; Il se sent, se palpe et se respire. Son c\u0153ur veut battre au rythme du votre et s&rsquo;accorde fid\u00e8lement \u00e0 vos multiples chemins de vie.<\/div><div dir=\"auto\">J\u2019esp\u00e8re qu&rsquo;il sera un refuge pour vos errances, vos silences et vos \u00e9lans int\u00e9rieurs.<\/div><div dir=\"auto\">Il fera peut \u00eatre l\u2019objet de belles discussions et \u00e9changes entre amis ou en famille.<\/div><div dir=\"auto\">Chaque \u0153uvre est la trace d\u2019une rencontre, l\u2019\u00e9cho d\u2019une vie, le reflet d\u2019une intuition.<\/div><div dir=\"auto\">Ne cherchez pas ici l\u2019\u00e9clat tapageur, l\u2019ostentation, la superficialit\u00e9 et l&rsquo;esbroufe car ici tout aspire \u00e0 l\u2019essentiel.<\/div><div dir=\"auto\">Ici, prenez le temps de la r\u00e9flexion et regardez d&rsquo;un nouvel \u0153il.<\/div><div dir=\"auto\">D\u2019abord, une pr\u00e9sence visuelle, un souffle de couleurs qui dialogue avec l\u2019espace.<\/div><div dir=\"auto\">Puis, une invitation \u00e0 la d\u00e9couverte des symboles, apparents ou dissimul\u00e9s, qui \u00e9veillent l\u2019imaginaire, l&rsquo;\u00e9mancipation.<\/div><div dir=\"auto\">Enfin, si vous acceptez le voyage, une porte s\u2019ouvrira vers la r\u00e9flexion, l\u2019intime, l\u2019universel et profond\u00e9ment la paix.<\/div><\/div><div class=\"x14z9mp xat24cr x1lziwak x1vvkbs xtlvy1s x126k92a\"><div dir=\"auto\">Bienvenue pour un rendez-vous avec moi et mon Art.<\/div><div dir=\"auto\">Bienvenue pour un rendez-vous avec vous et surtout en vous.<\/div><\/div><div class=\"x14z9mp xat24cr x1lziwak x1vvkbs xtlvy1s x126k92a\"><div dir=\"auto\">Avec tout mon Amour Artistique.<\/div><\/div><div class=\"x14z9mp xat24cr x1lziwak x1vvkbs xtlvy1s x126k92a\"><div dir=\"auto\">David Onen<\/div><\/div>\t\t\t\t\t\t\t\t<\/div>\n\t\t\t\t<\/div>\n\t\t\t\t\t<\/div>\n\t\t\t\t<\/div>\n\t\t<div class=\"elementor-element elementor-element-553b23f e-flex e-con-boxed wpr-particle-no wpr-jarallax-no wpr-parallax-no wpr-sticky-section-no wpr-equal-height-no e-con e-parent\" data-id=\"553b23f\" data-element_type=\"container\" data-e-type=\"container\">\n\t\t\t\t\t<div class=\"e-con-inner\">\n\t\t\t\t<div class=\"elementor-element elementor-element-c5522e3 elementor-widget elementor-widget-text-editor\" data-id=\"c5522e3\" data-element_type=\"widget\" data-e-type=\"widget\" data-widget_type=\"text-editor.default\">\n\t\t\t\t<div class=\"elementor-widget-container\">\n\t\t\t\t\t\t\t\t\t<p>David est issu d\u2019une longue lign\u00e9e d\u2019artistes\u00a0; 4 g\u00e9n\u00e9rations de peintres, dont certains ont re\u00e7u des prix prestigieux, comme le grand Prix \u00e0 l\u2019exposition de Paris ou le premier prix des beaux arts, ont contribu\u00e9 \u00e0 lui donner le go\u00fbt du beau.<br \/>Malgr\u00e9 cet h\u00e9ritage familial, le parcours de David fut atypique. D\u2019abord attir\u00e9 par la sommellerie (il a travaill\u00e9 au Gavroche \u00e0 Londres et \u00e0 l\u2019Enoteca Pinchiorri \u00e0 Florence), il a c\u00f4toy\u00e9 de grands noms de la gastronomie fran\u00e7aise (au Chibois \u00e0 Grasse, au Carlton ou encore au Majestic \u00e0 Cannes). Mais tr\u00e8s vite, il va revenir \u00e0 ses premi\u00e8res amours, l\u2019art et la peinture.<br \/>Il aime sortir des sentiers battus, innover, chercher de nouveaux supports pour donner libre cours \u00e0 son imagination.<br \/>Les toiles ne lui suffisent plus, il se tourne alors vers la r\u00e9sine, le fer, le bronze\u2026.<br \/>Son univers artistique est \u00e0 son image\u00a0: instinctif, sensuel, sensible et g\u00e9n\u00e9reux.<br \/>Sa peinture est une symphonie de couleurs, une explosion de lumi\u00e8re, un feu d\u2019artifice d\u2019\u00e9motions. Elle est \u00e0 la fois dessin lorsqu\u2019il travaille au feutre ou \u00e0 l\u2019a\u00e9rosol et sculpture lorsqu\u2019il travaille \u00e0 l\u2019huile.<br \/>Le voir peindre est un enchantement\u00a0: ses gestes sont vifs, pr\u00e9cis et assur\u00e9s. Il couche sur la toile une \u0153uvre d\u00e9j\u00e0 achev\u00e9e dans son esprit.<br \/>Tel un musicien qui compose sa musique, chaque note de couleur vient rehausser une partition de lumi\u00e8re.<br \/>A l\u2019image d\u2019un grand chef qui arrange ses plats pour nous mettre en app\u00e9tit, la peinture de David touche tous nos sens pour nous laisser emporter par une \u00e9motion pure.<br \/>Sabine Alienor<\/p>\t\t\t\t\t\t\t\t<\/div>\n\t\t\t\t<\/div>\n\t\t\t\t\t<\/div>\n\t\t\t\t<\/div>\n\t\t<div class=\"elementor-element elementor-element-712c362 e-flex e-con-boxed wpr-particle-no wpr-jarallax-no wpr-parallax-no wpr-sticky-section-no wpr-equal-height-no e-con e-parent\" data-id=\"712c362\" data-element_type=\"container\" data-e-type=\"container\">\n\t\t\t\t\t<div class=\"e-con-inner\">\n\t\t\t\t<div class=\"elementor-element elementor-element-c47b291 elementor-widget elementor-widget-heading\" data-id=\"c47b291\" data-element_type=\"widget\" data-e-type=\"widget\" data-widget_type=\"heading.default\">\n\t\t\t\t<div class=\"elementor-widget-container\">\n\t\t\t\t\t<h2 class=\"elementor-heading-title elementor-size-default\">Liens<\/h2>\t\t\t\t<\/div>\n\t\t\t\t<\/div>\n\t\t\t\t<div class=\"elementor-element elementor-element-0d242ac elementor-widget elementor-widget-text-editor\" data-id=\"0d242ac\" data-element_type=\"widget\" data-e-type=\"widget\" data-widget_type=\"text-editor.default\">\n\t\t\t\t<div class=\"elementor-widget-container\">\n\t\t\t\t\t\t\t\t\t<p><a href=\"https:\/\/www.instagram.com\/david_onen\/\" target=\"_blank\" rel=\"noopener\">Instagram<\/a><\/p><p><a href=\"http:\/\/onenalienor.com\" target=\"_blank\" rel=\"noopener\">OnenAlienor<\/a><\/p>\t\t\t\t\t\t\t\t<\/div>\n\t\t\t\t<\/div>\n\t\t\t\t\t<\/div>\n\t\t\t\t<\/div>\n\t\t\t\t<\/div>\n\t\t","protected":false},"excerpt":{"rendered":"<p>Eclats d&rsquo;\u00e9crits Pr\u00e9faceBienvenue sur mon \u00ab\u00a0site internet\u00a0\u00bb qui est en perp\u00e9tuelle \u00e9volution. D\u2019ailleurs, sera t&rsquo; il un jour achev\u00e9 ?Merci de votre int\u00e9r\u00eat pour mes travaux. Les fragments de mon \u00e2me ; color\u00e9s, dessin\u00e9s, tortur\u00e9s, r\u00e9fl\u00e9chis, inspir\u00e9s, exalt\u00e9s puis trac\u00e9s sur un simple morceau de toile.Je vous d\u00e9pose tout cela ici, sur vos \u00e9crans, du mieux que je peux, car mon art vit r\u00e9ellement, croyez moi&#8230; Il se sent, se palpe et se respire. Son c\u0153ur veut battre au rythme du votre et s&rsquo;accorde fid\u00e8lement \u00e0 vos multiples chemins de vie.J\u2019esp\u00e8re qu&rsquo;il sera un refuge pour vos errances, vos silences et vos \u00e9lans int\u00e9rieurs.Il fera peut \u00eatre l\u2019objet de belles discussions et \u00e9changes entre amis ou en famille.Chaque \u0153uvre est la trace d\u2019une rencontre, l\u2019\u00e9cho d\u2019une vie, le reflet d\u2019une intuition.Ne cherchez pas ici l\u2019\u00e9clat tapageur, l\u2019ostentation, la superficialit\u00e9 et l&rsquo;esbroufe car ici tout aspire \u00e0 l\u2019essentiel.Ici, prenez le temps de la r\u00e9flexion et regardez d&rsquo;un nouvel \u0153il.D\u2019abord, une pr\u00e9sence visuelle, un souffle de couleurs qui dialogue avec l\u2019espace.Puis, une invitation \u00e0 la d\u00e9couverte des symboles, apparents ou dissimul\u00e9s, qui \u00e9veillent l\u2019imaginaire, l&rsquo;\u00e9mancipation.Enfin, si vous acceptez le voyage, une porte s\u2019ouvrira vers la r\u00e9flexion, l\u2019intime, l\u2019universel et profond\u00e9ment la paix.Bienvenue pour un rendez-vous avec moi et mon Art.Bienvenue pour un rendez-vous avec vous et surtout en vous.Avec tout mon Amour Artistique.David Onen David est issu d\u2019une longue lign\u00e9e d\u2019artistes\u00a0; 4 g\u00e9n\u00e9rations de peintres, dont certains ont re\u00e7u des prix prestigieux, comme le grand Prix \u00e0 l\u2019exposition de Paris ou le premier prix des beaux arts, ont contribu\u00e9 \u00e0 lui donner le go\u00fbt du beau.Malgr\u00e9 cet h\u00e9ritage familial, le parcours de David fut atypique. D\u2019abord attir\u00e9 par la sommellerie (il a travaill\u00e9 au Gavroche \u00e0 Londres et \u00e0 l\u2019Enoteca Pinchiorri \u00e0 Florence), il a c\u00f4toy\u00e9 de grands noms de la gastronomie fran\u00e7aise (au Chibois \u00e0 Grasse, au Carlton ou encore au Majestic \u00e0 Cannes). Mais tr\u00e8s vite, il va revenir \u00e0 ses premi\u00e8res amours, l\u2019art et la peinture.Il aime sortir des sentiers battus, innover, chercher de nouveaux supports pour donner libre cours \u00e0 son imagination.Les toiles ne lui suffisent plus, il se tourne alors vers la r\u00e9sine, le fer, le bronze\u2026.Son univers artistique est \u00e0 son image\u00a0: instinctif, sensuel, sensible et g\u00e9n\u00e9reux.Sa peinture est une symphonie de couleurs, une explosion de lumi\u00e8re, un feu d\u2019artifice d\u2019\u00e9motions. Elle est \u00e0 la fois dessin lorsqu\u2019il travaille au feutre ou \u00e0 l\u2019a\u00e9rosol et sculpture lorsqu\u2019il travaille \u00e0 l\u2019huile.Le voir peindre est un enchantement\u00a0: ses gestes sont vifs, pr\u00e9cis et assur\u00e9s. Il couche sur la toile une \u0153uvre d\u00e9j\u00e0 achev\u00e9e dans son esprit.Tel un musicien qui compose sa musique, chaque note de couleur vient rehausser une partition de lumi\u00e8re.A l\u2019image d\u2019un grand chef qui arrange ses plats pour nous mettre en app\u00e9tit, la peinture de David touche tous nos sens pour nous laisser emporter par une \u00e9motion pure.Sabine Alienor Liens Instagram OnenAlienor<\/p>\n","protected":false},"author":1,"featured_media":0,"parent":0,"menu_order":0,"comment_status":"closed","ping_status":"closed","template":"","meta":{"footnotes":""},"class_list":["post-83","page","type-page","status-publish","hentry"],"_links":{"self":[{"href":"https:\/\/davidonen.fr\/index.php\/wp-json\/wp\/v2\/pages\/83","targetHints":{"allow":["GET"]}}],"collection":[{"href":"https:\/\/davidonen.fr\/index.php\/wp-json\/wp\/v2\/pages"}],"about":[{"href":"https:\/\/davidonen.fr\/index.php\/wp-json\/wp\/v2\/types\/page"}],"author":[{"embeddable":true,"href":"https:\/\/davidonen.fr\/index.php\/wp-json\/wp\/v2\/users\/1"}],"replies":[{"embeddable":true,"href":"https:\/\/davidonen.fr\/index.php\/wp-json\/wp\/v2\/comments?post=83"}],"version-history":[{"count":36,"href":"https:\/\/davidonen.fr\/index.php\/wp-json\/wp\/v2\/pages\/83\/revisions"}],"predecessor-version":[{"id":492,"href":"https:\/\/davidonen.fr\/index.php\/wp-json\/wp\/v2\/pages\/83\/revisions\/492"}],"wp:attachment":[{"href":"https:\/\/davidonen.fr\/index.php\/wp-json\/wp\/v2\/media?parent=83"}],"curies":[{"name":"wp","href":"https:\/\/api.w.org\/{rel}","templated":true}]}}